{"id":78,"date":"2019-01-23T11:10:44","date_gmt":"2019-01-23T10:10:44","guid":{"rendered":"http:\/\/cetef63.fr\/?page_id=78"},"modified":"2019-01-23T11:10:45","modified_gmt":"2019-01-23T10:10:45","slug":"recherche","status":"publish","type":"page","link":"https:\/\/cetef63.fr\/?page_id=78","title":{"rendered":"Recherche"},"content":{"rendered":"\n<ul class=\"lcp_catlist\" id=\"lcp_instance_0\"><li><a href=\"https:\/\/cetef63.fr\/?p=29704\">R\u00e9unions pr\u00e9vues en 2023<\/a><\/li><li><a href=\"https:\/\/cetef63.fr\/?p=29700\">Assembl\u00e9e g\u00e9n\u00e9rale du 19 janvier 2023<\/a><\/li><li><a href=\"https:\/\/cetef63.fr\/?p=1384\">Les d\u00e9g\u00e2ts forestiers du gibier dans l&rsquo;Artense le 22 Avril 2022 &#8211; 14h \u00e0 la Tour d&rsquo;Auvergne<\/a><\/li><li><a href=\"https:\/\/cetef63.fr\/?p=1381\">Assembl\u00e9e g\u00e9n\u00e9rale le 29 Novembre 2021<\/a><\/li><li><a href=\"https:\/\/cetef63.fr\/?p=1348\">\u00c9lagage de douglas le 22 Juillet 2021<\/a><\/li><li><a href=\"https:\/\/cetef63.fr\/?p=1245\">Visite d&rsquo;une for\u00eat le 26 Octobre 2020<\/a><\/li><li><a href=\"https:\/\/cetef63.fr\/?p=1154\">R\u00e9union des groupes de progr\u00e9s<\/a><\/li><li><a href=\"https:\/\/cetef63.fr\/?p=1052\">Utilisation des applications num\u00e9riques sur le terrain (report\u00e9e)<\/a><\/li><li><a href=\"https:\/\/cetef63.fr\/?p=1043\">Assembl\u00e9e g\u00e9n\u00e9rale le 14 f\u00e9vrier \u00e0 14h<\/a><\/li><li><a href=\"https:\/\/cetef63.fr\/?p=1035\">g\u00e9n\u00e9ralit\u00e9s sur le Douglas le 09\/12\/19 \u00e0 9h30<\/a><\/li><li><a href=\"https:\/\/cetef63.fr\/?p=1007\">Inter-CETEF 2019 sur l&rsquo;\u00e9quilibre sylvo-cyn\u00e9g\u00e9tique<\/a><\/li><li><a href=\"https:\/\/cetef63.fr\/?p=363\">Journ\u00e9e inter-Cetef r\u00e9gional le 4 Octobre<\/a><\/li><li><a href=\"https:\/\/cetef63.fr\/?p=15\">Journ\u00e9e d\u00e9partementale le 16 septembre<\/a><\/li><li><a href=\"https:\/\/cetef63.fr\/?p=360\">Visite chez P. Faucher le 18 juillet<\/a><\/li><li><a href=\"https:\/\/cetef63.fr\/?p=356\">Visite chez C. H. de Provench\u00e8res le 19 Juin<\/a><\/li><li><a href=\"https:\/\/cetef63.fr\/?p=414\">639503-Culture des noyers<\/a><\/li><li><a href=\"https:\/\/cetef63.fr\/?p=403\">639302-Culture des noyers<\/a><\/li><li><a href=\"https:\/\/cetef63.fr\/?p=400\">639202-Culture des noyers<\/a><\/li><li><a href=\"https:\/\/cetef63.fr\/?p=284\">Enclos-Exclos<\/a><\/li><li><a href=\"https:\/\/cetef63.fr\/?p=33\">639108-Culture de noyer<\/a><\/li><li><a href=\"https:\/\/cetef63.fr\/?p=13\">Assembl\u00e9e g\u00e9n\u00e9rale du 08 avril 2019<\/a><\/li><li><a href=\"https:\/\/cetef63.fr\/?p=898\">Applications sur mobile pour la gestion foresti\u00e8re du 10 D\u00e9cembre<\/a><\/li><li><a href=\"https:\/\/cetef63.fr\/?p=894\">Visite de l&rsquo;exp\u00e9rimentation de travaux du sol le 20 Juillet 2018<\/a><\/li><li><a href=\"https:\/\/cetef63.fr\/?p=100\">Voyage en Belgique<\/a><\/li><li><a href=\"https:\/\/cetef63.fr\/?p=23\">Plantation de pins \u00e0 Miremont en Avril 2018<\/a><\/li><li><a href=\"https:\/\/cetef63.fr\/?p=884\">Etude sur les C\u00e9draies avec le CETEF de Haute-Loire en Mars 2018<\/a><\/li><li><a href=\"https:\/\/cetef63.fr\/?p=508\">Pr\u00e9sentation sur les gros bois en F\u00e9vrier 2018<\/a><\/li><li><a href=\"https:\/\/cetef63.fr\/?p=515\">Assembl\u00e9e G\u00e9n\u00e9rale du 08 f\u00e9vrier 2018<\/a><\/li><li><a href=\"https:\/\/cetef63.fr\/?p=527\">Mise en place de dispositif fin 2017<\/a><\/li><li><a href=\"https:\/\/cetef63.fr\/?p=834\">CETEF &#8211; 50 ans en Octobre 2017<\/a><\/li><li><a href=\"https:\/\/cetef63.fr\/?p=256\">Crevant-Laveine-visite en juin 2017<\/a><\/li><li><a href=\"https:\/\/cetef63.fr\/?p=904\">Quelles essences en Limagne en Avril 2017<\/a><\/li><li><a href=\"https:\/\/cetef63.fr\/?p=25\">Informations sur la fiscalit\u00e9 en D\u00e9cembre 2016<\/a><\/li><li><a href=\"https:\/\/cetef63.fr\/?p=909\">Comparatif des diff\u00e9rentes m\u00e9thodes d\u2019entretien des plantations en Novembre 2015<\/a><\/li><li><a href=\"https:\/\/cetef63.fr\/?p=912\">Sortie en RHONE-ALPES en Juillet 2015<\/a><\/li><li><a href=\"https:\/\/cetef63.fr\/?p=27\">Visite de la for\u00eat de Tron\u00e7ais en Juin 2015<\/a><\/li><li><a href=\"https:\/\/cetef63.fr\/?p=288\">Sortie \u00e0 Sayat en Avril 2015<\/a><\/li><li><a href=\"https:\/\/cetef63.fr\/?p=102\">voyage en Autriche<\/a><\/li><li><a href=\"https:\/\/cetef63.fr\/?p=291\">Climatologie<\/a><\/li><li><a href=\"https:\/\/cetef63.fr\/?p=104\">Voyage en Su\u00e8de<\/a><\/li><li><a href=\"https:\/\/cetef63.fr\/?p=603\">630301-Etude et comparaison de 11 g\u00e9notypes de m\u00e9l\u00e8zes<\/a><\/li><li><a href=\"https:\/\/cetef63.fr\/?p=39\">630003-PLANTATION EXPERIMENTALE DE PROVENANCES DE DOUGLAS<\/a><\/li><li><a href=\"https:\/\/cetef63.fr\/?p=37\">630002-PLANTATION EXPERIMENTALE DE PROVENANCES DE DOUGLAS<\/a><\/li><li><a href=\"https:\/\/cetef63.fr\/?p=35\">630001-PLANTATION EXPERIMENTALE DE PROVENANCES DE DOUGLAS<\/a><\/li><li><a href=\"https:\/\/cetef63.fr\/?p=622\">639902-Reboisement en zone sensible<\/a><\/li><li><a href=\"https:\/\/cetef63.fr\/?p=554\">639901-Croissance des peuplements<\/a><\/li><li><a href=\"https:\/\/cetef63.fr\/?p=449\">639903-Populiculture<\/a><\/li><li><a href=\"https:\/\/cetef63.fr\/?p=542\">639804-Croissance des peuplements<\/a><\/li><li><a href=\"https:\/\/cetef63.fr\/?p=956\">639805- R\u00e9g\u00e9n\u00e9ration d\u2019une  h\u00eatraie patrimoniale<\/a><\/li><li><a href=\"https:\/\/cetef63.fr\/?p=580\">639803-Diff\u00e9rentes origines de Douglas en p\u00e9pini\u00e8re.<\/a><\/li><li><a href=\"https:\/\/cetef63.fr\/?p=578\">639802-Dispositif de d\u00e9monstration de diff\u00e9rentes origines de Douglas<\/a><\/li><li><a href=\"https:\/\/cetef63.fr\/?p=547\">639806-Croissance des peuplements<\/a><\/li><li><a href=\"https:\/\/cetef63.fr\/?p=576\">639801-r\u00e9g\u00e9n\u00e9ration naturelle du douglas.<\/a><\/li><li><a href=\"https:\/\/cetef63.fr\/?p=425\">639705-Culture des noyers<\/a><\/li><li><a href=\"https:\/\/cetef63.fr\/?p=430\">639707-Culture des noyers<\/a><\/li><li><a href=\"https:\/\/cetef63.fr\/?p=418\">639702-Culture des noyers<\/a><\/li><li><a href=\"https:\/\/cetef63.fr\/?p=444\">639706-Populiculture<\/a><\/li><li><a href=\"https:\/\/cetef63.fr\/?p=574\">639601-Test de descendances maternelles de Douglas<\/a><\/li><li><a href=\"https:\/\/cetef63.fr\/?p=416\">639602-Culture des noyers<\/a><\/li><li><a href=\"https:\/\/cetef63.fr\/?p=408\">639502-Culture de noyers<\/a><\/li><li><a href=\"https:\/\/cetef63.fr\/?p=657\">639402-Sylviculture des feuillus pr\u00e9cieux<\/a><\/li><li><a href=\"https:\/\/cetef63.fr\/?p=654\">639401-Sylviculture des feuillus pr\u00e9cieux<\/a><\/li><li><a href=\"https:\/\/cetef63.fr\/?p=465\">639301-Conduite des peuplements r\u00e9sineux<\/a><\/li><li><a href=\"https:\/\/cetef63.fr\/?p=406\">639304-Culture de noyers<\/a><\/li><li><a href=\"https:\/\/cetef63.fr\/?p=601\">639204-Sylviculture des feuillus pr\u00e9cieux<\/a><\/li><li><a href=\"https:\/\/cetef63.fr\/?p=652\">639109-Croissance des peuplements<\/a><\/li><li><a href=\"https:\/\/cetef63.fr\/?p=31\">639101-Noyers avec accompagnement<\/a><\/li><li><a href=\"https:\/\/cetef63.fr\/?p=570\">639104-Comparaison 6 provenances de Douglas<\/a><\/li><li><a href=\"https:\/\/cetef63.fr\/?p=666\">639103-Plantation de Pinus lambertiana<\/a><\/li><li><a href=\"https:\/\/cetef63.fr\/?p=650\">639107-Fertilisation de ch\u00eanes rouges<\/a><\/li><li><a href=\"https:\/\/cetef63.fr\/?p=599\">639106-Sylviculture des feuillus pr\u00e9cieux<\/a><\/li><li><a href=\"https:\/\/cetef63.fr\/?p=463\">639105-Conduite de peuplements r\u00e9sineux<\/a><\/li><li><a href=\"https:\/\/cetef63.fr\/?p=442\">639102-Populiculture<\/a><\/li><li><a href=\"https:\/\/cetef63.fr\/?p=440\">639003-Populiculture<\/a><\/li><li><a href=\"https:\/\/cetef63.fr\/?p=594\">638902-Sylviculture des feuillus pr\u00e9cieux<\/a><\/li><li><a href=\"https:\/\/cetef63.fr\/?p=664\">638801-Eclaircie r\u00e9sineuse<\/a><\/li><li><a href=\"https:\/\/cetef63.fr\/?p=660\">638708-Croissance des peuplements<\/a><\/li><li><a href=\"https:\/\/cetef63.fr\/?p=568\">638711-Essai de plantation de douglas sur paillage plastique<\/a><\/li><li><a href=\"https:\/\/cetef63.fr\/?p=438\">638701-Culture des noyers<\/a><\/li><li><a href=\"https:\/\/cetef63.fr\/?p=29\">638602-Comparaison de 5 types de plants<\/a><\/li><\/ul>\n","protected":false},"excerpt":{"rendered":"","protected":false},"author":1,"featured_media":0,"parent":0,"menu_order":0,"comment_status":"closed","ping_status":"closed","template":"","meta":{"_lmt_disableupdate":"","_lmt_disable":"","ngg_post_thumbnail":0},"_links":{"self":[{"href":"https:\/\/cetef63.fr\/index.php?rest_route=\/wp\/v2\/pages\/78"}],"collection":[{"href":"https:\/\/cetef63.fr\/index.php?rest_route=\/wp\/v2\/pages"}],"about":[{"href":"https:\/\/cetef63.fr\/index.php?rest_route=\/wp\/v2\/types\/page"}],"author":[{"embeddable":true,"href":"https:\/\/cetef63.fr\/index.php?rest_route=\/wp\/v2\/users\/1"}],"replies":[{"embeddable":true,"href":"https:\/\/cetef63.fr\/index.php?rest_route=%2Fwp%2Fv2%2Fcomments&post=78"}],"version-history":[{"count":1,"href":"https:\/\/cetef63.fr\/index.php?rest_route=\/wp\/v2\/pages\/78\/revisions"}],"predecessor-version":[{"id":79,"href":"https:\/\/cetef63.fr\/index.php?rest_route=\/wp\/v2\/pages\/78\/revisions\/79"}],"wp:attachment":[{"href":"https:\/\/cetef63.fr\/index.php?rest_route=%2Fwp%2Fv2%2Fmedia&parent=78"}],"curies":[{"name":"wp","href":"https:\/\/api.w.org\/{rel}","templated":true}]}}