{"id":59,"date":"2019-01-20T18:41:18","date_gmt":"2019-01-20T17:41:18","guid":{"rendered":"http:\/\/cetef63.fr\/?page_id=59"},"modified":"2019-02-17T11:22:47","modified_gmt":"2019-02-17T10:22:47","slug":"agenda","status":"publish","type":"page","link":"https:\/\/cetef63.fr\/?page_id=59","title":{"rendered":"Agenda"},"content":{"rendered":"\n<ul class=\"lcp_catlist\" id=\"lcp_instance_0\"><li><a href=\"https:\/\/cetef63.fr\/?p=29704\">R\u00e9unions pr\u00e9vues en 2023<\/a><\/li><li><a href=\"https:\/\/cetef63.fr\/?p=29700\">Assembl\u00e9e g\u00e9n\u00e9rale du 19 janvier 2023<\/a><\/li><li><a href=\"https:\/\/cetef63.fr\/?p=1384\">Les d\u00e9g\u00e2ts forestiers du gibier dans l&rsquo;Artense le 22 Avril 2022 &#8211; 14h \u00e0 la Tour d&rsquo;Auvergne<\/a><\/li><li><a href=\"https:\/\/cetef63.fr\/?p=1052\">Utilisation des applications num\u00e9riques sur le terrain (report\u00e9e)<\/a><\/li><\/ul>\n\n\n\n<p><\/p>\n","protected":false},"excerpt":{"rendered":"","protected":false},"author":1,"featured_media":0,"parent":0,"menu_order":0,"comment_status":"closed","ping_status":"closed","template":"","meta":{"_lmt_disableupdate":"no","_lmt_disable":"","ngg_post_thumbnail":0},"_links":{"self":[{"href":"https:\/\/cetef63.fr\/index.php?rest_route=\/wp\/v2\/pages\/59"}],"collection":[{"href":"https:\/\/cetef63.fr\/index.php?rest_route=\/wp\/v2\/pages"}],"about":[{"href":"https:\/\/cetef63.fr\/index.php?rest_route=\/wp\/v2\/types\/page"}],"author":[{"embeddable":true,"href":"https:\/\/cetef63.fr\/index.php?rest_route=\/wp\/v2\/users\/1"}],"replies":[{"embeddable":true,"href":"https:\/\/cetef63.fr\/index.php?rest_route=%2Fwp%2Fv2%2Fcomments&post=59"}],"version-history":[{"count":9,"href":"https:\/\/cetef63.fr\/index.php?rest_route=\/wp\/v2\/pages\/59\/revisions"}],"predecessor-version":[{"id":337,"href":"https:\/\/cetef63.fr\/index.php?rest_route=\/wp\/v2\/pages\/59\/revisions\/337"}],"wp:attachment":[{"href":"https:\/\/cetef63.fr\/index.php?rest_route=%2Fwp%2Fv2%2Fmedia&parent=59"}],"curies":[{"name":"wp","href":"https:\/\/api.w.org\/{rel}","templated":true}]}}