{"id":504,"date":"2019-03-15T16:42:15","date_gmt":"2019-03-15T15:42:15","guid":{"rendered":"http:\/\/cetef63.fr\/?page_id=504"},"modified":"2019-05-26T18:09:26","modified_gmt":"2019-05-26T16:09:26","slug":"experimentations-sur-les-douglas-du-puy-de-dome","status":"publish","type":"page","link":"https:\/\/cetef63.fr\/?page_id=504","title":{"rendered":"Exp\u00e9rimentations sur les douglas du Puy de D\u00f4me"},"content":{"rendered":"\n<div class=\"wp-block-image\"><figure class=\"alignright is-resized\"><img decoding=\"async\" loading=\"lazy\" src=\"https:\/\/cetef63.fr\/wp-content\/uploads\/2019\/05\/Douglas_17-766x1024.jpg\" alt=\"\" class=\"wp-image-945\" width=\"437\" height=\"583\" srcset=\"https:\/\/cetef63.fr\/wp-content\/uploads\/2019\/05\/Douglas_17-766x1024.jpg 766w, https:\/\/cetef63.fr\/wp-content\/uploads\/2019\/05\/Douglas_17-224x300.jpg 224w, https:\/\/cetef63.fr\/wp-content\/uploads\/2019\/05\/Douglas_17-768x1026.jpg 768w, https:\/\/cetef63.fr\/wp-content\/uploads\/2019\/05\/Douglas_17.jpg 1712w\" sizes=\"(max-width: 437px) 100vw, 437px\" \/><figcaption>OLYMPUS DIGITAL CAMERA<\/figcaption><\/figure><\/div>\n\n\n\n<ul class=\"lcp_catlist\" id=\"lcp_instance_0\"><li><a href=\"https:\/\/cetef63.fr\/?p=39\">630003-PLANTATION EXPERIMENTALE DE PROVENANCES DE DOUGLAS<\/a><\/li><li><a href=\"https:\/\/cetef63.fr\/?p=37\">630002-PLANTATION EXPERIMENTALE DE PROVENANCES DE DOUGLAS<\/a><\/li><li><a href=\"https:\/\/cetef63.fr\/?p=35\">630001-PLANTATION EXPERIMENTALE DE PROVENANCES DE DOUGLAS<\/a><\/li><li><a href=\"https:\/\/cetef63.fr\/?p=580\">639803-Diff\u00e9rentes origines de Douglas en p\u00e9pini\u00e8re.<\/a><\/li><li><a href=\"https:\/\/cetef63.fr\/?p=578\">639802-Dispositif de d\u00e9monstration de diff\u00e9rentes origines de Douglas<\/a><\/li><li><a href=\"https:\/\/cetef63.fr\/?p=576\">639801-r\u00e9g\u00e9n\u00e9ration naturelle du douglas.<\/a><\/li><li><a href=\"https:\/\/cetef63.fr\/?p=574\">639601-Test de descendances maternelles de Douglas<\/a><\/li><li><a href=\"https:\/\/cetef63.fr\/?p=570\">639104-Comparaison 6 provenances de Douglas<\/a><\/li><li><a href=\"https:\/\/cetef63.fr\/?p=463\">639105-Conduite de peuplements r\u00e9sineux<\/a><\/li><li><a href=\"https:\/\/cetef63.fr\/?p=664\">638801-Eclaircie r\u00e9sineuse<\/a><\/li><li><a href=\"https:\/\/cetef63.fr\/?p=660\">638708-Croissance des peuplements<\/a><\/li><li><a href=\"https:\/\/cetef63.fr\/?p=568\">638711-Essai de plantation de douglas sur paillage plastique<\/a><\/li><li><a href=\"https:\/\/cetef63.fr\/?p=643\">638402-\u00e9claircie dans les douglas<\/a><\/li><li><a href=\"https:\/\/cetef63.fr\/?p=566\">638403-ECLAIRCIE FORTE ET PRECOCE DANS LES JEUNES PLANTATIONS DE DOUGLAS<\/a><\/li><\/ul>\n","protected":false},"excerpt":{"rendered":"","protected":false},"author":1,"featured_media":0,"parent":0,"menu_order":0,"comment_status":"closed","ping_status":"closed","template":"","meta":{"_lmt_disableupdate":"no","_lmt_disable":"","ngg_post_thumbnail":0},"_links":{"self":[{"href":"https:\/\/cetef63.fr\/index.php?rest_route=\/wp\/v2\/pages\/504"}],"collection":[{"href":"https:\/\/cetef63.fr\/index.php?rest_route=\/wp\/v2\/pages"}],"about":[{"href":"https:\/\/cetef63.fr\/index.php?rest_route=\/wp\/v2\/types\/page"}],"author":[{"embeddable":true,"href":"https:\/\/cetef63.fr\/index.php?rest_route=\/wp\/v2\/users\/1"}],"replies":[{"embeddable":true,"href":"https:\/\/cetef63.fr\/index.php?rest_route=%2Fwp%2Fv2%2Fcomments&post=504"}],"version-history":[{"count":2,"href":"https:\/\/cetef63.fr\/index.php?rest_route=\/wp\/v2\/pages\/504\/revisions"}],"predecessor-version":[{"id":946,"href":"https:\/\/cetef63.fr\/index.php?rest_route=\/wp\/v2\/pages\/504\/revisions\/946"}],"wp:attachment":[{"href":"https:\/\/cetef63.fr\/index.php?rest_route=%2Fwp%2Fv2%2Fmedia&parent=504"}],"curies":[{"name":"wp","href":"https:\/\/api.w.org\/{rel}","templated":true}]}}