{"id":501,"date":"2019-03-15T16:38:37","date_gmt":"2019-03-15T15:38:37","guid":{"rendered":"http:\/\/cetef63.fr\/?page_id=501"},"modified":"2019-03-15T16:38:38","modified_gmt":"2019-03-15T15:38:38","slug":"experimentations-sur-les-resineux","status":"publish","type":"page","link":"https:\/\/cetef63.fr\/?page_id=501","title":{"rendered":"Exp\u00e9rimentations sur les r\u00e9sineux"},"content":{"rendered":"\n<ul class=\"lcp_catlist\" id=\"lcp_instance_0\"><li><a href=\"https:\/\/cetef63.fr\/?p=603\">630301-Etude et comparaison de 11 g\u00e9notypes de m\u00e9l\u00e8zes<\/a><\/li><li><a href=\"https:\/\/cetef63.fr\/?p=465\">639301-Conduite des peuplements r\u00e9sineux<\/a><\/li><li><a href=\"https:\/\/cetef63.fr\/?p=666\">639103-Plantation de Pinus lambertiana<\/a><\/li><li><a href=\"https:\/\/cetef63.fr\/?p=463\">639105-Conduite de peuplements r\u00e9sineux<\/a><\/li><\/ul>\n","protected":false},"excerpt":{"rendered":"","protected":false},"author":1,"featured_media":0,"parent":0,"menu_order":0,"comment_status":"closed","ping_status":"closed","template":"","meta":{"_lmt_disableupdate":"","_lmt_disable":"","ngg_post_thumbnail":0},"_links":{"self":[{"href":"https:\/\/cetef63.fr\/index.php?rest_route=\/wp\/v2\/pages\/501"}],"collection":[{"href":"https:\/\/cetef63.fr\/index.php?rest_route=\/wp\/v2\/pages"}],"about":[{"href":"https:\/\/cetef63.fr\/index.php?rest_route=\/wp\/v2\/types\/page"}],"author":[{"embeddable":true,"href":"https:\/\/cetef63.fr\/index.php?rest_route=\/wp\/v2\/users\/1"}],"replies":[{"embeddable":true,"href":"https:\/\/cetef63.fr\/index.php?rest_route=%2Fwp%2Fv2%2Fcomments&post=501"}],"version-history":[{"count":1,"href":"https:\/\/cetef63.fr\/index.php?rest_route=\/wp\/v2\/pages\/501\/revisions"}],"predecessor-version":[{"id":502,"href":"https:\/\/cetef63.fr\/index.php?rest_route=\/wp\/v2\/pages\/501\/revisions\/502"}],"wp:attachment":[{"href":"https:\/\/cetef63.fr\/index.php?rest_route=%2Fwp%2Fv2%2Fmedia&parent=501"}],"curies":[{"name":"wp","href":"https:\/\/api.w.org\/{rel}","templated":true}]}}