{"id":47,"date":"2019-01-20T18:21:04","date_gmt":"2019-01-20T17:21:04","guid":{"rendered":"http:\/\/cetef63.fr\/?page_id=47"},"modified":"2019-02-26T10:44:13","modified_gmt":"2019-02-26T09:44:13","slug":"expe","status":"publish","type":"page","link":"https:\/\/cetef63.fr\/?page_id=47","title":{"rendered":"Exp\u00e9rimentations foresti\u00e8res"},"content":{"rendered":"\n<p>Le CETEF du Puy de d\u00f4me met en place et assure le suivi d&rsquo;un r\u00e9seau de r\u00e9f\u00e9rences foresti\u00e8res en liaison avec le Centre R\u00e9gional de la Propri\u00e9t\u00e9 Foresti\u00e8re Auvergne-Rh\u00f4ne-Alpes et l&rsquo;Institut pour le D\u00e9veloppement Forestier.<\/p>\n\n\n\n<p>Les exp\u00e9rimentations sont class\u00e9es par grands th\u00e8mes, les personnes qui souhaitent obtenir des renseignements  sur le r\u00e9seau de r\u00e9f\u00e9rences ou une exp\u00e9rimentation en particulier peuvent contacter directement le CETEF du Puy de d\u00f4me.<\/p>\n\n\n\n<ul class=\"lcp_catlist\" id=\"lcp_instance_0\"><li><a href=\"https:\/\/cetef63.fr\/?p=414\">639503-Culture des noyers<\/a><\/li><li><a href=\"https:\/\/cetef63.fr\/?p=403\">639302-Culture des noyers<\/a><\/li><li><a href=\"https:\/\/cetef63.fr\/?p=400\">639202-Culture des noyers<\/a><\/li><li><a href=\"https:\/\/cetef63.fr\/?p=284\">Enclos-Exclos<\/a><\/li><li><a href=\"https:\/\/cetef63.fr\/?p=33\">639108-Culture de noyer<\/a><\/li><li><a href=\"https:\/\/cetef63.fr\/?p=527\">Mise en place de dispositif fin 2017<\/a><\/li><li><a href=\"https:\/\/cetef63.fr\/?p=291\">Climatologie<\/a><\/li><li><a href=\"https:\/\/cetef63.fr\/?p=603\">630301-Etude et comparaison de 11 g\u00e9notypes de m\u00e9l\u00e8zes<\/a><\/li><li><a href=\"https:\/\/cetef63.fr\/?p=39\">630003-PLANTATION EXPERIMENTALE DE PROVENANCES DE DOUGLAS<\/a><\/li><li><a href=\"https:\/\/cetef63.fr\/?p=37\">630002-PLANTATION EXPERIMENTALE DE PROVENANCES DE DOUGLAS<\/a><\/li><li><a href=\"https:\/\/cetef63.fr\/?p=35\">630001-PLANTATION EXPERIMENTALE DE PROVENANCES DE DOUGLAS<\/a><\/li><li><a href=\"https:\/\/cetef63.fr\/?p=622\">639902-Reboisement en zone sensible<\/a><\/li><li><a href=\"https:\/\/cetef63.fr\/?p=554\">639901-Croissance des peuplements<\/a><\/li><li><a href=\"https:\/\/cetef63.fr\/?p=449\">639903-Populiculture<\/a><\/li><li><a href=\"https:\/\/cetef63.fr\/?p=542\">639804-Croissance des peuplements<\/a><\/li><li><a href=\"https:\/\/cetef63.fr\/?p=956\">639805- R\u00e9g\u00e9n\u00e9ration d\u2019une  h\u00eatraie patrimoniale<\/a><\/li><li><a href=\"https:\/\/cetef63.fr\/?p=580\">639803-Diff\u00e9rentes origines de Douglas en p\u00e9pini\u00e8re.<\/a><\/li><li><a href=\"https:\/\/cetef63.fr\/?p=578\">639802-Dispositif de d\u00e9monstration de diff\u00e9rentes origines de Douglas<\/a><\/li><li><a href=\"https:\/\/cetef63.fr\/?p=547\">639806-Croissance des peuplements<\/a><\/li><li><a href=\"https:\/\/cetef63.fr\/?p=576\">639801-r\u00e9g\u00e9n\u00e9ration naturelle du douglas.<\/a><\/li><li><a href=\"https:\/\/cetef63.fr\/?p=425\">639705-Culture des noyers<\/a><\/li><li><a href=\"https:\/\/cetef63.fr\/?p=430\">639707-Culture des noyers<\/a><\/li><li><a href=\"https:\/\/cetef63.fr\/?p=418\">639702-Culture des noyers<\/a><\/li><li><a href=\"https:\/\/cetef63.fr\/?p=444\">639706-Populiculture<\/a><\/li><li><a href=\"https:\/\/cetef63.fr\/?p=574\">639601-Test de descendances maternelles de Douglas<\/a><\/li><li><a href=\"https:\/\/cetef63.fr\/?p=416\">639602-Culture des noyers<\/a><\/li><li><a href=\"https:\/\/cetef63.fr\/?p=408\">639502-Culture de noyers<\/a><\/li><li><a href=\"https:\/\/cetef63.fr\/?p=657\">639402-Sylviculture des feuillus pr\u00e9cieux<\/a><\/li><li><a href=\"https:\/\/cetef63.fr\/?p=654\">639401-Sylviculture des feuillus pr\u00e9cieux<\/a><\/li><li><a href=\"https:\/\/cetef63.fr\/?p=465\">639301-Conduite des peuplements r\u00e9sineux<\/a><\/li><li><a href=\"https:\/\/cetef63.fr\/?p=406\">639304-Culture de noyers<\/a><\/li><li><a href=\"https:\/\/cetef63.fr\/?p=601\">639204-Sylviculture des feuillus pr\u00e9cieux<\/a><\/li><li><a href=\"https:\/\/cetef63.fr\/?p=652\">639109-Croissance des peuplements<\/a><\/li><li><a href=\"https:\/\/cetef63.fr\/?p=31\">639101-Noyers avec accompagnement<\/a><\/li><li><a href=\"https:\/\/cetef63.fr\/?p=570\">639104-Comparaison 6 provenances de Douglas<\/a><\/li><li><a href=\"https:\/\/cetef63.fr\/?p=666\">639103-Plantation de Pinus lambertiana<\/a><\/li><li><a href=\"https:\/\/cetef63.fr\/?p=650\">639107-Fertilisation de ch\u00eanes rouges<\/a><\/li><li><a href=\"https:\/\/cetef63.fr\/?p=599\">639106-Sylviculture des feuillus pr\u00e9cieux<\/a><\/li><li><a href=\"https:\/\/cetef63.fr\/?p=463\">639105-Conduite de peuplements r\u00e9sineux<\/a><\/li><li><a href=\"https:\/\/cetef63.fr\/?p=442\">639102-Populiculture<\/a><\/li><li><a href=\"https:\/\/cetef63.fr\/?p=440\">639003-Populiculture<\/a><\/li><li><a href=\"https:\/\/cetef63.fr\/?p=594\">638902-Sylviculture des feuillus pr\u00e9cieux<\/a><\/li><li><a href=\"https:\/\/cetef63.fr\/?p=664\">638801-Eclaircie r\u00e9sineuse<\/a><\/li><li><a href=\"https:\/\/cetef63.fr\/?p=660\">638708-Croissance des peuplements<\/a><\/li><li><a href=\"https:\/\/cetef63.fr\/?p=568\">638711-Essai de plantation de douglas sur paillage plastique<\/a><\/li><li><a href=\"https:\/\/cetef63.fr\/?p=438\">638701-Culture des noyers<\/a><\/li><li><a href=\"https:\/\/cetef63.fr\/?p=29\">638602-Comparaison de 5 types de plants<\/a><\/li><li><a href=\"https:\/\/cetef63.fr\/?p=476\">638606-Comparaison de 7 origines de Merisiers et 1 origine de Tulipier<\/a><\/li><li><a href=\"https:\/\/cetef63.fr\/?p=473\">638503-Comportement et croissance de merisiers en moyenne altitude<\/a><\/li><li><a href=\"https:\/\/cetef63.fr\/?p=643\">638402-\u00e9claircie dans les douglas<\/a><\/li><li><a href=\"https:\/\/cetef63.fr\/?p=566\">638403-ECLAIRCIE FORTE ET PRECOCE DANS LES JEUNES PLANTATIONS DE DOUGLAS<\/a><\/li><li><a href=\"https:\/\/cetef63.fr\/?p=435\">638201-Populiculture<\/a><\/li><\/ul>\n","protected":false},"excerpt":{"rendered":"<p>Le CETEF du Puy de d\u00f4me met en place et assure le suivi d&rsquo;un r\u00e9seau de r\u00e9f\u00e9rences foresti\u00e8res en liaison avec le Centre R\u00e9gional de la Propri\u00e9t\u00e9 Foresti\u00e8re Auvergne-Rh\u00f4ne-Alpes et l&rsquo;Institut pour le D\u00e9veloppement&#46;&#46;&#46;<\/p>\n","protected":false},"author":1,"featured_media":0,"parent":0,"menu_order":0,"comment_status":"closed","ping_status":"closed","template":"","meta":{"_lmt_disableupdate":"no","_lmt_disable":"","ngg_post_thumbnail":0},"_links":{"self":[{"href":"https:\/\/cetef63.fr\/index.php?rest_route=\/wp\/v2\/pages\/47"}],"collection":[{"href":"https:\/\/cetef63.fr\/index.php?rest_route=\/wp\/v2\/pages"}],"about":[{"href":"https:\/\/cetef63.fr\/index.php?rest_route=\/wp\/v2\/types\/page"}],"author":[{"embeddable":true,"href":"https:\/\/cetef63.fr\/index.php?rest_route=\/wp\/v2\/users\/1"}],"replies":[{"embeddable":true,"href":"https:\/\/cetef63.fr\/index.php?rest_route=%2Fwp%2Fv2%2Fcomments&post=47"}],"version-history":[{"count":3,"href":"https:\/\/cetef63.fr\/index.php?rest_route=\/wp\/v2\/pages\/47\/revisions"}],"predecessor-version":[{"id":370,"href":"https:\/\/cetef63.fr\/index.php?rest_route=\/wp\/v2\/pages\/47\/revisions\/370"}],"wp:attachment":[{"href":"https:\/\/cetef63.fr\/index.php?rest_route=%2Fwp%2Fv2%2Fmedia&parent=47"}],"curies":[{"name":"wp","href":"https:\/\/api.w.org\/{rel}","templated":true}]}}