{"id":45,"date":"2019-01-20T18:20:36","date_gmt":"2019-01-20T17:20:36","guid":{"rendered":"http:\/\/cetef63.fr\/?page_id=45"},"modified":"2019-06-21T10:16:26","modified_gmt":"2019-06-21T08:16:26","slug":"visites","status":"publish","type":"page","link":"https:\/\/cetef63.fr\/?page_id=45","title":{"rendered":"R\u00e9unions"},"content":{"rendered":"\n<p>R\u00e9unions du CETEF 63 <\/p>\n\n\n\n<ul class=\"lcp_catlist\" id=\"lcp_instance_0\"><li><a href=\"https:\/\/cetef63.fr\/?p=29704\">R\u00e9unions pr\u00e9vues en 2023<\/a><\/li><li><a href=\"https:\/\/cetef63.fr\/?p=29700\">Assembl\u00e9e g\u00e9n\u00e9rale du 19 janvier 2023<\/a><\/li><li><a href=\"https:\/\/cetef63.fr\/?p=1384\">Les d\u00e9g\u00e2ts forestiers du gibier dans l&rsquo;Artense le 22 Avril 2022 &#8211; 14h \u00e0 la Tour d&rsquo;Auvergne<\/a><\/li><li><a href=\"https:\/\/cetef63.fr\/?p=1381\">Assembl\u00e9e g\u00e9n\u00e9rale le 29 Novembre 2021<\/a><\/li><li><a href=\"https:\/\/cetef63.fr\/?p=1348\">\u00c9lagage de douglas le 22 Juillet 2021<\/a><\/li><li><a href=\"https:\/\/cetef63.fr\/?p=1245\">Visite d&rsquo;une for\u00eat le 26 Octobre 2020<\/a><\/li><li><a href=\"https:\/\/cetef63.fr\/?p=1154\">R\u00e9union des groupes de progr\u00e9s<\/a><\/li><li><a href=\"https:\/\/cetef63.fr\/?p=1043\">Assembl\u00e9e g\u00e9n\u00e9rale le 14 f\u00e9vrier \u00e0 14h<\/a><\/li><li><a href=\"https:\/\/cetef63.fr\/?p=1035\">g\u00e9n\u00e9ralit\u00e9s sur le Douglas le 09\/12\/19 \u00e0 9h30<\/a><\/li><li><a href=\"https:\/\/cetef63.fr\/?p=1007\">Inter-CETEF 2019 sur l&rsquo;\u00e9quilibre sylvo-cyn\u00e9g\u00e9tique<\/a><\/li><li><a href=\"https:\/\/cetef63.fr\/?p=363\">Journ\u00e9e inter-Cetef r\u00e9gional le 4 Octobre<\/a><\/li><li><a href=\"https:\/\/cetef63.fr\/?p=15\">Journ\u00e9e d\u00e9partementale le 16 septembre<\/a><\/li><li><a href=\"https:\/\/cetef63.fr\/?p=360\">Visite chez P. Faucher le 18 juillet<\/a><\/li><li><a href=\"https:\/\/cetef63.fr\/?p=356\">Visite chez C. H. de Provench\u00e8res le 19 Juin<\/a><\/li><li><a href=\"https:\/\/cetef63.fr\/?p=13\">Assembl\u00e9e g\u00e9n\u00e9rale du 08 avril 2019<\/a><\/li><li><a href=\"https:\/\/cetef63.fr\/?p=898\">Applications sur mobile pour la gestion foresti\u00e8re du 10 D\u00e9cembre<\/a><\/li><li><a href=\"https:\/\/cetef63.fr\/?p=894\">Visite de l&rsquo;exp\u00e9rimentation de travaux du sol le 20 Juillet 2018<\/a><\/li><li><a href=\"https:\/\/cetef63.fr\/?p=23\">Plantation de pins \u00e0 Miremont en Avril 2018<\/a><\/li><li><a href=\"https:\/\/cetef63.fr\/?p=884\">Etude sur les C\u00e9draies avec le CETEF de Haute-Loire en Mars 2018<\/a><\/li><li><a href=\"https:\/\/cetef63.fr\/?p=508\">Pr\u00e9sentation sur les gros bois en F\u00e9vrier 2018<\/a><\/li><li><a href=\"https:\/\/cetef63.fr\/?p=515\">Assembl\u00e9e G\u00e9n\u00e9rale du 08 f\u00e9vrier 2018<\/a><\/li><li><a href=\"https:\/\/cetef63.fr\/?p=834\">CETEF &#8211; 50 ans en Octobre 2017<\/a><\/li><li><a href=\"https:\/\/cetef63.fr\/?p=256\">Crevant-Laveine-visite en juin 2017<\/a><\/li><li><a href=\"https:\/\/cetef63.fr\/?p=904\">Quelles essences en Limagne en Avril 2017<\/a><\/li><li><a href=\"https:\/\/cetef63.fr\/?p=25\">Informations sur la fiscalit\u00e9 en D\u00e9cembre 2016<\/a><\/li><li><a href=\"https:\/\/cetef63.fr\/?p=909\">Comparatif des diff\u00e9rentes m\u00e9thodes d\u2019entretien des plantations en Novembre 2015<\/a><\/li><li><a href=\"https:\/\/cetef63.fr\/?p=912\">Sortie en RHONE-ALPES en Juillet 2015<\/a><\/li><li><a href=\"https:\/\/cetef63.fr\/?p=27\">Visite de la for\u00eat de Tron\u00e7ais en Juin 2015<\/a><\/li><li><a href=\"https:\/\/cetef63.fr\/?p=288\">Sortie \u00e0 Sayat en Avril 2015<\/a><\/li><\/ul>\n","protected":false},"excerpt":{"rendered":"<p>R\u00e9unions du CETEF 63<\/p>\n","protected":false},"author":1,"featured_media":0,"parent":0,"menu_order":0,"comment_status":"closed","ping_status":"closed","template":"","meta":{"_lmt_disableupdate":"no","_lmt_disable":"","ngg_post_thumbnail":0},"_links":{"self":[{"href":"https:\/\/cetef63.fr\/index.php?rest_route=\/wp\/v2\/pages\/45"}],"collection":[{"href":"https:\/\/cetef63.fr\/index.php?rest_route=\/wp\/v2\/pages"}],"about":[{"href":"https:\/\/cetef63.fr\/index.php?rest_route=\/wp\/v2\/types\/page"}],"author":[{"embeddable":true,"href":"https:\/\/cetef63.fr\/index.php?rest_route=\/wp\/v2\/users\/1"}],"replies":[{"embeddable":true,"href":"https:\/\/cetef63.fr\/index.php?rest_route=%2Fwp%2Fv2%2Fcomments&post=45"}],"version-history":[{"count":7,"href":"https:\/\/cetef63.fr\/index.php?rest_route=\/wp\/v2\/pages\/45\/revisions"}],"predecessor-version":[{"id":971,"href":"https:\/\/cetef63.fr\/index.php?rest_route=\/wp\/v2\/pages\/45\/revisions\/971"}],"wp:attachment":[{"href":"https:\/\/cetef63.fr\/index.php?rest_route=%2Fwp%2Fv2%2Fmedia&parent=45"}],"curies":[{"name":"wp","href":"https:\/\/api.w.org\/{rel}","templated":true}]}}