{"id":392,"date":"2019-03-06T09:49:48","date_gmt":"2019-03-06T08:49:48","guid":{"rendered":"http:\/\/cetef63.fr\/?page_id=392"},"modified":"2019-05-26T18:18:41","modified_gmt":"2019-05-26T16:18:41","slug":"experimentations-sur-les-feuillus","status":"publish","type":"page","link":"https:\/\/cetef63.fr\/?page_id=392","title":{"rendered":"Exp\u00e9rimentations sur les feuillus"},"content":{"rendered":"\n<div class=\"wp-block-image\"><figure class=\"alignright is-resized\"><img decoding=\"async\" loading=\"lazy\" src=\"https:\/\/cetef63.fr\/wp-content\/uploads\/2019\/05\/Merisier_14-673x1024.jpg\" alt=\"\" class=\"wp-image-947\" width=\"445\" height=\"676\" srcset=\"https:\/\/cetef63.fr\/wp-content\/uploads\/2019\/05\/Merisier_14-673x1024.jpg 673w, https:\/\/cetef63.fr\/wp-content\/uploads\/2019\/05\/Merisier_14-197x300.jpg 197w, https:\/\/cetef63.fr\/wp-content\/uploads\/2019\/05\/Merisier_14-768x1168.jpg 768w, https:\/\/cetef63.fr\/wp-content\/uploads\/2019\/05\/Merisier_14.jpg 1237w\" sizes=\"(max-width: 445px) 100vw, 445px\" \/><\/figure><\/div>\n\n\n\n<ul class=\"lcp_catlist\" id=\"lcp_instance_0\"><li><a href=\"https:\/\/cetef63.fr\/?p=554\">639901-Croissance des peuplements<\/a><\/li><li><a href=\"https:\/\/cetef63.fr\/?p=542\">639804-Croissance des peuplements<\/a><\/li><li><a href=\"https:\/\/cetef63.fr\/?p=956\">639805- R\u00e9g\u00e9n\u00e9ration d\u2019une  h\u00eatraie patrimoniale<\/a><\/li><li><a href=\"https:\/\/cetef63.fr\/?p=547\">639806-Croissance des peuplements<\/a><\/li><li><a href=\"https:\/\/cetef63.fr\/?p=657\">639402-Sylviculture des feuillus pr\u00e9cieux<\/a><\/li><li><a href=\"https:\/\/cetef63.fr\/?p=654\">639401-Sylviculture des feuillus pr\u00e9cieux<\/a><\/li><li><a href=\"https:\/\/cetef63.fr\/?p=601\">639204-Sylviculture des feuillus pr\u00e9cieux<\/a><\/li><li><a href=\"https:\/\/cetef63.fr\/?p=650\">639107-Fertilisation de ch\u00eanes rouges<\/a><\/li><li><a href=\"https:\/\/cetef63.fr\/?p=599\">639106-Sylviculture des feuillus pr\u00e9cieux<\/a><\/li><li><a href=\"https:\/\/cetef63.fr\/?p=594\">638902-Sylviculture des feuillus pr\u00e9cieux<\/a><\/li><li><a href=\"https:\/\/cetef63.fr\/?p=476\">638606-Comparaison de 7 origines de Merisiers et 1 origine de Tulipier<\/a><\/li><li><a href=\"https:\/\/cetef63.fr\/?p=473\">638503-Comportement et croissance de merisiers en moyenne altitude<\/a><\/li><\/ul>\n","protected":false},"excerpt":{"rendered":"","protected":false},"author":1,"featured_media":0,"parent":0,"menu_order":0,"comment_status":"closed","ping_status":"closed","template":"","meta":{"_lmt_disableupdate":"no","_lmt_disable":"","ngg_post_thumbnail":0},"_links":{"self":[{"href":"https:\/\/cetef63.fr\/index.php?rest_route=\/wp\/v2\/pages\/392"}],"collection":[{"href":"https:\/\/cetef63.fr\/index.php?rest_route=\/wp\/v2\/pages"}],"about":[{"href":"https:\/\/cetef63.fr\/index.php?rest_route=\/wp\/v2\/types\/page"}],"author":[{"embeddable":true,"href":"https:\/\/cetef63.fr\/index.php?rest_route=\/wp\/v2\/users\/1"}],"replies":[{"embeddable":true,"href":"https:\/\/cetef63.fr\/index.php?rest_route=%2Fwp%2Fv2%2Fcomments&post=392"}],"version-history":[{"count":2,"href":"https:\/\/cetef63.fr\/index.php?rest_route=\/wp\/v2\/pages\/392\/revisions"}],"predecessor-version":[{"id":948,"href":"https:\/\/cetef63.fr\/index.php?rest_route=\/wp\/v2\/pages\/392\/revisions\/948"}],"wp:attachment":[{"href":"https:\/\/cetef63.fr\/index.php?rest_route=%2Fwp%2Fv2%2Fmedia&parent=392"}],"curies":[{"name":"wp","href":"https:\/\/api.w.org\/{rel}","templated":true}]}}