{"id":108,"date":"2019-01-26T13:17:51","date_gmt":"2019-01-26T12:17:51","guid":{"rendered":"http:\/\/cetef63.fr\/?page_id=108"},"modified":"2019-06-21T09:50:14","modified_gmt":"2019-06-21T07:50:14","slug":"voir-aussi","status":"publish","type":"page","link":"https:\/\/cetef63.fr\/?page_id=108","title":{"rendered":"Voir aussi&#8230;"},"content":{"rendered":"\n<ul><li>Le site du CRPF : <a rel=\"noreferrer noopener\" aria-label=\" (s\u2019ouvre dans un nouvel onglet)\" href=\"https:\/\/auvergnerhonealpes.cnpf.fr\/\" target=\"_blank\">https:\/\/auvergnerhonealpes.cnpf.fr\/<\/a><\/li><li>Le site du FOGEFOR pour se former : <a href=\"https:\/\/auvergnerhonealpes.cnpf.fr\/n\/stages-fogefor\/n:2212\">https:\/\/auvergnerhonealpes.cnpf.fr\/n\/stages-fogefor\/n:2212<\/a><\/li><\/ul>\n\n\n\n<ul><li>Un site national qui permet de g\u00e9rer ses parcelles et les travaux s&rsquo;y aff\u00e9rents et qui g\u00e8re les offres des vendeurs : <a href=\"http:\/\/www.laforetbouge.fr\/\" target=\"_blank\" rel=\"noreferrer noopener\" aria-label=\" (s\u2019ouvre dans un nouvel onglet)\">http:\/\/www.laforetbouge.fr\/<\/a><\/li><\/ul>\n\n\n\n<ul><li>Le site du syndicat des sylviculteurs qui les d\u00e9fend et leur permet de s&rsquo;assurer \u00e0 moindre co\u00fbt : <a href=\"https:\/\/www.fransylva.fr\/\" target=\"_blank\" rel=\"noreferrer noopener\" aria-label=\" (s\u2019ouvre dans un nouvel onglet)\">https:\/\/www.fransylva.fr\/<\/a><\/li><\/ul>\n\n\n\n<ul><li>Le site de la Maison de la For\u00eat et du bois avec un acc\u00e8s au centre de documentation comprenant plus de 8000 r\u00e9f\u00e9rences documentaires : <a rel=\"noreferrer noopener\" aria-label=\" (s\u2019ouvre dans un nouvel onglet)\" href=\"http:\/\/www.maison-foret-bois.fr\" target=\"_blank\">http:\/\/www.maison-foret-bois.fr <\/a><\/li><li>Le d\u00e9tail des aides pour les parcelles se trouvant sur le parc r\u00e9gional du Livradois-Forez : <a href=\"https:\/\/www.parc-livradois-forez.org\/valoriser\/foret-filiere-bois\/sylvacctes\/\">https:\/\/www.parc-livradois-forez.org\/valoriser\/foret-filiere-bois\/sylvacctes\/<\/a><\/li><\/ul>\n\n\n\n<p><\/p>\n\n\n\n<figure class=\"wp-block-image alignwide\"><img decoding=\"async\" loading=\"lazy\" width=\"1024\" height=\"289\" src=\"https:\/\/cetef63.fr\/wp-content\/uploads\/2019\/02\/Bandeau_04_sapin_cerisier-1024x289.jpg\" alt=\"\" class=\"wp-image-343\" srcset=\"https:\/\/cetef63.fr\/wp-content\/uploads\/2019\/02\/Bandeau_04_sapin_cerisier-1024x289.jpg 1024w, https:\/\/cetef63.fr\/wp-content\/uploads\/2019\/02\/Bandeau_04_sapin_cerisier-300x85.jpg 300w, https:\/\/cetef63.fr\/wp-content\/uploads\/2019\/02\/Bandeau_04_sapin_cerisier-768x217.jpg 768w\" sizes=\"(max-width: 1024px) 100vw, 1024px\" \/><\/figure>\n","protected":false},"excerpt":{"rendered":"<p>Le site du CRPF : https:\/\/auvergnerhonealpes.cnpf.fr\/ Le site du FOGEFOR pour se former : https:\/\/auvergnerhonealpes.cnpf.fr\/n\/stages-fogefor\/n:2212 Un site national qui permet de g\u00e9rer ses parcelles et les travaux s&rsquo;y aff\u00e9rents et qui g\u00e8re les offres&#46;&#46;&#46;<\/p>\n","protected":false},"author":1,"featured_media":0,"parent":41,"menu_order":0,"comment_status":"closed","ping_status":"closed","template":"","meta":{"_lmt_disableupdate":"no","_lmt_disable":"","ngg_post_thumbnail":0},"_links":{"self":[{"href":"https:\/\/cetef63.fr\/index.php?rest_route=\/wp\/v2\/pages\/108"}],"collection":[{"href":"https:\/\/cetef63.fr\/index.php?rest_route=\/wp\/v2\/pages"}],"about":[{"href":"https:\/\/cetef63.fr\/index.php?rest_route=\/wp\/v2\/types\/page"}],"author":[{"embeddable":true,"href":"https:\/\/cetef63.fr\/index.php?rest_route=\/wp\/v2\/users\/1"}],"replies":[{"embeddable":true,"href":"https:\/\/cetef63.fr\/index.php?rest_route=%2Fwp%2Fv2%2Fcomments&post=108"}],"version-history":[{"count":15,"href":"https:\/\/cetef63.fr\/index.php?rest_route=\/wp\/v2\/pages\/108\/revisions"}],"predecessor-version":[{"id":964,"href":"https:\/\/cetef63.fr\/index.php?rest_route=\/wp\/v2\/pages\/108\/revisions\/964"}],"up":[{"embeddable":true,"href":"https:\/\/cetef63.fr\/index.php?rest_route=\/wp\/v2\/pages\/41"}],"wp:attachment":[{"href":"https:\/\/cetef63.fr\/index.php?rest_route=%2Fwp%2Fv2%2Fmedia&parent=108"}],"curies":[{"name":"wp","href":"https:\/\/api.w.org\/{rel}","templated":true}]}}